{"id":412,"date":"2018-08-01T15:37:53","date_gmt":"2018-08-01T12:37:53","guid":{"rendered":"http:\/\/karder.org.tr\/?page_id=412"},"modified":"2018-08-01T15:37:53","modified_gmt":"2018-08-01T12:37:53","slug":"el-sanatlari","status":"publish","type":"page","link":"https:\/\/karder.org.tr\/index.php\/karaca-koyu\/el-sanatlari\/","title":{"rendered":"El Sanatlar\u0131"},"content":{"rendered":"<table border=\"0\" width=\"410\" cellspacing=\"0\" cellpadding=\"4\" align=\"center\">\n<tbody>\n<tr>\n<td bgcolor=\"#F7F7F7\" width=\"431\">\n<p align=\"justify\"><b><span style=\"font-family: Verdana; font-size: small;\">EL SANATLARI<\/span><\/b><\/p>\n<p align=\"justify\"><b><span style=\"font-family: Verdana; font-size: small;\">KADIN El SANATLAR<\/span><\/b><span style=\"font-family: Verdana; font-size: small;\"><br \/>\nKad\u0131nlar, k\u0131\u015f\u0131n bo\u015f vakitlerini dantel, i\u011fne oyas\u0131, boncuk oyalar\u0131 ve \u00e7orap, eldiven \u00f6rerek de\u011ferlendirirler.<\/span><\/p>\n<p align=\"justify\"><span style=\"font-family: Verdana; font-size: small;\">Gen\u00e7 k\u0131zlar ise \u00e7eyiz haz\u0131rlarlar.<br \/>\n\u0130\u011fne Oyalar\u0131:<br \/>\nG\u00fcl, kelebek, Menek\u015fe, k\u0131r\u00e7i\u00e7e\u011fi, papatya, yaprak, y\u0131ld\u0131z, k\u00fcpeli, karanfil, c\u0131ng\u0131ll\u0131, kay\u0131s\u0131.<br \/>\n<\/span><\/p>\n<p align=\"justify\"><span style=\"font-family: Verdana; font-size: small;\">Boncuk oyalar\u0131:<br \/>\nY\u0131ld\u0131z, karam\u0131h, yaprak, g\u00fcl<\/span><\/p>\n<p align=\"justify\"><span style=\"font-family: Verdana; font-size: small;\">Kanavi\u00e7e:<br \/>\nG\u00fcl, menek\u015fe, tren yolu, y\u0131lan e\u011frisi, geyik.<\/span><\/p>\n<p align=\"justify\"><span style=\"font-family: Verdana; font-size: small;\">Dantel:<br \/>\nY\u0131ld\u0131z, Merdivenli, badem, yonca<\/span><\/p>\n<p align=\"justify\"><span style=\"font-family: Verdana; font-size: small;\">\u00c7orap ve Eldiven:<br \/>\nK\u00f6yde her evin odas\u0131nda, damba\u015flar\u0131nda \u00e7orap ve eldiven \u00f6ren kad\u0131nlara rastlamak m\u00fcm\u00fcnd\u00fcr. Fakat \u00f6zellikle k\u0131\u015f\u0131n u\u011fra\u015f\u0131l\u0131r. Baoyal\u0131 \u00e7orap, beyaz \u00e7orap, s\u00fcs \u00e7orbas\u0131 ve patik denilen \u00e7oraplar yap\u0131l\u0131r.<\/span><\/p>\n<p align=\"justify\"><span style=\"font-family: Verdana; font-size: small;\">\u00c7oraaap motifleri:<br \/>\nKilim\u00a0 nak\u0131\u015f\u0131, Fergison nak\u0131\u015f\u0131, cilbabo\u011f, k\u0131rkbay\u0131r, bessey, y\u0131lan k\u0131vr\u0131m\u0131, kek\u00fcll\u00fc, bal\u0131k s\u0131rt\u0131<\/span><\/p>\n<p align=\"justify\"><span style=\"font-family: Verdana; font-size: small;\">Eldiven motifleri:<br \/>\nCer, Gilikli, \u00c7i\u00e7ekli, Zincirli<\/span><\/p>\n<p align=\"justify\"><span style=\"font-family: Verdana; font-size: small;\">II. Geleneksel el sanatlar\u0131<br \/>\nKaraca k\u00f6y\u00fcnde geleneksel el sanatlar\u0131 \u00f6nemini yitirmi\u015f durumdad\u0131r. Hal\u0131, kilim, heybe, hur\u00e7 gibi ihtiya\u00e7laar\u0131n\u0131 \u00e7evre k\u00f6ylerden sat\u0131n alarak sa\u011flamaktad\u0131rlar.<\/span><\/p>\n<p align=\"justify\"><span style=\"font-family: Verdana; font-size: small;\">Ge\u00e7im kayna\u011f\u0131 tar\u0131m, kay\u0131s\u0131 ve hayvanc\u0131l\u0131\u011fa dayan\u0131r.Tay: Y\u00fcnden yap\u0131l\u0131p, k\u0131ldan siyah \u00e7izgileri bulunur. Bu\u011fday ve un konulan geni\u015f torbad\u0131r. Heybe: Y\u00fcnden ve k\u0131ldan yap\u0131l\u0131r. Ayn\u0131 b\u00fcy\u00fckl\u00fckten iki g\u00f6z\u00fc olup, merkep s\u0131rt\u0131na konarak e\u015fya ta\u015f\u0131mada kullan\u0131l\u0131r. Hur\u00e7: Heybenin biraz daha olan\u0131na denir. Hal\u0131c\u0131k: Hal\u0131 ve kilim dokumac\u0131l\u0131\u011f\u0131 ev tezgahlar\u0131nda yap\u0131l\u0131rd\u0131.<\/span><\/p>\n<p align=\"justify\"><span style=\"font-family: Verdana; font-size: small;\">Fakat \u00e7ok az ki\u015fi taraf\u0131ndan yap\u0131lm\u0131\u015f, k\u0131sa s\u00fcre sonra ki\u00e7 u\u011fra\u015f\u0131lmam\u0131\u015ft\u0131r.<\/span><\/p>\n<p align=\"justify\"><span style=\"font-family: Verdana; font-size: small;\">K\u00f6yde \u00f6zellikle heybe, tay, hur\u00e7 yap\u0131m\u0131na a\u011f\u0131rl\u0131k verilmi\u015f, fakat g\u00fcn\u00fcm\u00fczde \u00f6nemini yitirmi\u015f durumdad\u0131r.<\/span><\/p>\n<p align=\"justify\"><span style=\"font-family: Verdana; font-size: small;\">Karaca k\u00f6y\u00fcnde halkoyunlar\u0131<br \/>\nKaraca k\u00f6y\u00fcnden halk oyunlar\u0131 Malatya, Elaz\u0131, Ad\u0131yaman oyunlar\u0131 \u00f6zelliklerini ta\u015f\u0131r .Runlar\u0131n ba\u015f\u0131nda\u00a0 halay gelir .\u00c7alg\u0131; davul ve zurna\u2019d\u0131r. Halk oyunlar\u0131 genellikle d\u00fc\u011f\u00fcn s\u0131ras\u0131nda oynan\u0131r. K\u00f6ye ait olan oyunlar ; Kepirde kuyu kazd\u0131m, kaleden kaleye isimli oyunlard\u0131r. K\u00f6yde oynanan oyunlar\u0131n ba\u015fl\u0131calar\u0131n<\/span><\/p>\n<p align=\"justify\"><span style=\"font-family: Verdana; font-size: small;\">\u00dc\u00e7 Ayak:<br \/>\nMalatya halay\u0131d\u0131r.A\u011f\u0131r bir ritimde, zor ve yorucu oyundur.Erkek ve kad\u0131nlar taraf\u0131ndan oynan\u0131r. Sa\u011fa bir ad\u0131m sonra sola b\u0131r ad\u0131m at\u0131l\u0131r, \u00f6ne do\u011fru bir ad\u0131m at\u0131ld\u0131ktan sonra yana b\u0131r ad\u0131m at\u0131l\u0131r.<\/span><\/p>\n<p align=\"justify\"><span style=\"font-family: Verdana; font-size: small;\">D\u00fcz Halay:<br \/>\nErkek ve kad\u0131nlar taraf\u0131ndan oynan\u0131r. Sa\u011fa b\u0131r ad\u0131m sonra sola bir ad\u0131m at\u0131l\u0131r.\u00d6ne dogru bir ad\u0131m at\u0131ld\u0131ktan sonra yana bir ad\u0131m at\u0131l\u0131r&#8230;<\/span><\/p>\n<p><i><b><span style=\"font-family: Verdana; font-size: small;\">Kaynak: Karaca K\u00f6y\u00fc fokloru, Sat\u0131 Dilek \u00d6zbey<\/span><\/b><\/i><span style=\"font-family: Verdana; font-size: small;\"><br clear=\"all\" \/><\/span><\/td>\n<\/tr>\n<\/tbody>\n<\/table>\n","protected":false},"excerpt":{"rendered":"<p>EL SANATLARI KADIN El SANATLAR Kad\u0131nlar, k\u0131\u015f\u0131n bo\u015f vakitlerini dantel, i\u011fne oyas\u0131, boncuk oyalar\u0131 ve \u00e7orap, eldiven \u00f6rerek de\u011ferlendirirler. Gen\u00e7 k\u0131zlar ise \u00e7eyiz haz\u0131rlarlar. \u0130\u011fne Oyalar\u0131: G\u00fcl, kelebek, Menek\u015fe, k\u0131r\u00e7i\u00e7e\u011fi, papatya, yaprak, y\u0131ld\u0131z, k\u00fcpeli, karanfil, c\u0131ng\u0131ll\u0131, kay\u0131s\u0131. Boncuk oyalar\u0131: Y\u0131ld\u0131z, karam\u0131h, yaprak, g\u00fcl Kanavi\u00e7e: G\u00fcl, menek\u015fe, tren yolu, y\u0131lan e\u011frisi, geyik. Dantel: Y\u0131ld\u0131z, Merdivenli, badem, [&hellip;]<\/p>\n","protected":false},"author":2,"featured_media":0,"parent":406,"menu_order":0,"comment_status":"closed","ping_status":"closed","template":"","meta":[],"_links":{"self":[{"href":"https:\/\/karder.org.tr\/index.php\/wp-json\/wp\/v2\/pages\/412"}],"collection":[{"href":"https:\/\/karder.org.tr\/index.php\/wp-json\/wp\/v2\/pages"}],"about":[{"href":"https:\/\/karder.org.tr\/index.php\/wp-json\/wp\/v2\/types\/page"}],"author":[{"embeddable":true,"href":"https:\/\/karder.org.tr\/index.php\/wp-json\/wp\/v2\/users\/2"}],"replies":[{"embeddable":true,"href":"https:\/\/karder.org.tr\/index.php\/wp-json\/wp\/v2\/comments?post=412"}],"version-history":[{"count":1,"href":"https:\/\/karder.org.tr\/index.php\/wp-json\/wp\/v2\/pages\/412\/revisions"}],"predecessor-version":[{"id":413,"href":"https:\/\/karder.org.tr\/index.php\/wp-json\/wp\/v2\/pages\/412\/revisions\/413"}],"up":[{"embeddable":true,"href":"https:\/\/karder.org.tr\/index.php\/wp-json\/wp\/v2\/pages\/406"}],"wp:attachment":[{"href":"https:\/\/karder.org.tr\/index.php\/wp-json\/wp\/v2\/media?parent=412"}],"curies":[{"name":"wp","href":"https:\/\/api.w.org\/{rel}","templated":true}]}}