{"id":555,"date":"2020-07-10T18:25:33","date_gmt":"2020-07-10T15:25:33","guid":{"rendered":"http:\/\/karder.org.tr\/?page_id=555"},"modified":"2021-07-17T13:53:27","modified_gmt":"2021-07-17T10:53:27","slug":"uyelik-formu","status":"publish","type":"page","link":"https:\/\/karder.org.tr\/index.php\/uyelik-formu\/","title":{"rendered":"\u00dcyelik Formu"},"content":{"rendered":"<p style=\"text-align: center;\" align=\"center\">\u00a0Derne\u011fimize \u00dcye olabilmeniz i\u00e7in 1 adet foto\u011fraf ve Kimlik fotokopisi ile a\u015fa\u011f\u0131daki formu yaz\u0131c\u0131dan \u00e7\u0131kart\u0131p doldurarak derne\u011fimize teslim etmeniz gerekmektedir.<\/p>\n<p style=\"text-align: center;\" align=\"center\">(Not: 2021- 2023 Y\u0131ll\u0131k \u00fcyelik \u00fccreti 100 TL&#8217;dir.)<\/p>\n<p style=\"text-align: left;\" align=\"center\"><img loading=\"lazy\" class=\"alignnone size-full wp-image-562\" src=\"http:\/\/karder.org.tr\/wp-content\/uploads\/2020\/07\/IMG-20200710-WA0006.jpg\" alt=\"\" width=\"1200\" height=\"1600\" \/><\/p>\n","protected":false},"excerpt":{"rendered":"<p>\u00a0Derne\u011fimize \u00dcye olabilmeniz i\u00e7in 1 adet foto\u011fraf ve Kimlik fotokopisi ile a\u015fa\u011f\u0131daki formu yaz\u0131c\u0131dan \u00e7\u0131kart\u0131p doldurarak derne\u011fimize teslim etmeniz gerekmektedir. (Not: 2021- 2023 Y\u0131ll\u0131k \u00fcyelik \u00fccreti 100 TL&#8217;dir.)<\/p>\n","protected":false},"author":2,"featured_media":0,"parent":0,"menu_order":0,"comment_status":"closed","ping_status":"closed","template":"","meta":[],"_links":{"self":[{"href":"https:\/\/karder.org.tr\/index.php\/wp-json\/wp\/v2\/pages\/555"}],"collection":[{"href":"https:\/\/karder.org.tr\/index.php\/wp-json\/wp\/v2\/pages"}],"about":[{"href":"https:\/\/karder.org.tr\/index.php\/wp-json\/wp\/v2\/types\/page"}],"author":[{"embeddable":true,"href":"https:\/\/karder.org.tr\/index.php\/wp-json\/wp\/v2\/users\/2"}],"replies":[{"embeddable":true,"href":"https:\/\/karder.org.tr\/index.php\/wp-json\/wp\/v2\/comments?post=555"}],"version-history":[{"count":5,"href":"https:\/\/karder.org.tr\/index.php\/wp-json\/wp\/v2\/pages\/555\/revisions"}],"predecessor-version":[{"id":592,"href":"https:\/\/karder.org.tr\/index.php\/wp-json\/wp\/v2\/pages\/555\/revisions\/592"}],"wp:attachment":[{"href":"https:\/\/karder.org.tr\/index.php\/wp-json\/wp\/v2\/media?parent=555"}],"curies":[{"name":"wp","href":"https:\/\/api.w.org\/{rel}","templated":true}]}}